{"id":8065,"date":"2020-12-15T03:15:12","date_gmt":"2020-12-15T03:15:12","guid":{"rendered":"http:\/\/bildo-design.com\/politique\/?page_id=8065"},"modified":"2020-12-20T00:43:10","modified_gmt":"2020-12-20T00:43:10","slug":"faites-un-don","status":"publish","type":"page","link":"https:\/\/www.udpscanada.ca\/fr\/faites-un-don\/","title":{"rendered":"FAITES UN DON"},"content":{"rendered":"<p>[vc_row full_width=&#8221;stretch_row&#8221; content_placement=&#8221;middle&#8221; first_background_color=&#8221;#575a6d&#8221; enable_parallax=&#8221;true&#8221; parallax_background=&#8221;5696&#8243; parallax_style=&#8221;classic-fast&#8221; el_id=&#8221;icon&#8221; css=&#8221;.vc_custom_1607985430395{margin-top: 0px !important;margin-bottom: 0px !important;padding-top: 40px !important;padding-bottom: 40px !important;background-image: url(http:\/\/politicalwp.themeslr.com\/wp-content\/uploads\/2016\/02\/politicalwp_crowd.jpg?id=6347) !important;}&#8221;][vc_column alignment=&#8221;center&#8221;]<div class=\"title-subtile-holder\"><h1 class=\"section-title light_title\">FAITES UN DON<\/h1><div class=\"section-subtitle light_subtitle\"><\/div><\/div>[\/vc_column][\/vc_row][vc_row full_width=&#8221;stretch_row&#8221; css=&#8221;.vc_custom_1607986761758{margin-bottom: 0px !important;padding-top: 15px !important;padding-bottom: 25px !important;background-color: #ffffff !important;}&#8221;][vc_column][vc_row_inner][vc_column_inner][vc_separator][vc_custom_heading text=&#8221;Devenir membre&#8221; use_theme_fonts=&#8221;yes&#8221;][vc_column_text]<strong>En donnant \u00e0 l&#8217;UDPS, vous soutenez le plus vieux parti d&#8217;opposition en R\u00e9publique D\u00e9mocratique du Congo mais aussi vous nous donnez les moyens de continuer le combat pour l&#8217;instauration de l&#8217;\u00e9tat de droit et aussi de la vraie d\u00e9mocratie.<\/strong><\/p>\n<form action=\"https:\/\/www.paypal.com\/cgi-bin\/webscr\" method=\"post\" target=\"_top\" data-trp-original-action=\"https:\/\/www.paypal.com\/cgi-bin\/webscr\"><input name=\"cmd\" type=\"hidden\" value=\"_s-xclick\" \/><br \/>\n<input name=\"hosted_button_id\" type=\"hidden\" value=\"BHFH4TJV6QRVC\" \/><br \/>\n<input alt=\"PayPal - la solution de paiement en ligne la plus simple et la plus s\u00e9curis\u00e9e !\" name=\"submit\" src=\"http:\/\/bildo-design.com\/politique\/wp-content\/uploads\/2020\/12\/don_paypal.jpg\" type=\"image\" \/><br \/>\n<img decoding=\"async\" loading=\"lazy\" src=\"http:\/\/udpscanada.ca\/wp-content\/uploads\/2016\/05\/don_paypal.jpg\" alt=\"\" width=\"1\" height=\"1\" border=\"0\" \/><input type=\"hidden\" name=\"trp-form-language\" value=\"fr\"\/><\/form>\n<p>\u00a0[\/vc_column_text][\/vc_column_inner][\/vc_row_inner][\/vc_column][\/vc_row]<\/p>","protected":false},"excerpt":{"rendered":"<p>[vc_row full_width=&#8221;stretch_row&#8221; content_placement=&#8221;middle&#8221; first_background_color=&#8221;#575a6d&#8221; enable_parallax=&#8221;true&#8221; parallax_background=&#8221;5696&#8243; parallax_style=&#8221;classic-fast&#8221; el_id=&#8221;icon&#8221; css=&#8221;.vc_custom_1607985430395{margin-top: 0px !important;margin-bottom: 0px !important;padding-top: 40px !important;padding-bottom: 40px !important;background-image: url(http:\/\/politicalwp.themeslr.com\/wp-content\/uploads\/2016\/02\/politicalwp_crowd.jpg?id=6347) !important;}&#8221;][vc_column alignment=&#8221;center&#8221;][\/vc_column][\/vc_row][vc_row full_width=&#8221;stretch_row&#8221; css=&#8221;.vc_custom_1607986761758{margin-bottom: 0px !important;padding-top: 15px !important;padding-bottom: 25px !important;background-color: #ffffff !important;}&#8221;][vc_column][vc_row_inner][vc_column_inner][vc_separator][vc_custom_heading [&hellip;]<\/p>","protected":false},"author":1,"featured_media":0,"parent":0,"menu_order":0,"comment_status":"closed","ping_status":"closed","template":"","meta":[],"_links":{"self":[{"href":"https:\/\/www.udpscanada.ca\/fr\/wp-json\/wp\/v2\/pages\/8065"}],"collection":[{"href":"https:\/\/www.udpscanada.ca\/fr\/wp-json\/wp\/v2\/pages"}],"about":[{"href":"https:\/\/www.udpscanada.ca\/fr\/wp-json\/wp\/v2\/types\/page"}],"author":[{"embeddable":true,"href":"https:\/\/www.udpscanada.ca\/fr\/wp-json\/wp\/v2\/users\/1"}],"replies":[{"embeddable":true,"href":"https:\/\/www.udpscanada.ca\/fr\/wp-json\/wp\/v2\/comments?post=8065"}],"version-history":[{"count":2,"href":"https:\/\/www.udpscanada.ca\/fr\/wp-json\/wp\/v2\/pages\/8065\/revisions"}],"predecessor-version":[{"id":8133,"href":"https:\/\/www.udpscanada.ca\/fr\/wp-json\/wp\/v2\/pages\/8065\/revisions\/8133"}],"wp:attachment":[{"href":"https:\/\/www.udpscanada.ca\/fr\/wp-json\/wp\/v2\/media?parent=8065"}],"curies":[{"name":"wp","href":"https:\/\/api.w.org\/{rel}","templated":true}]}}