{"id":7927,"date":"2020-12-13T03:25:45","date_gmt":"2020-12-13T03:25:45","guid":{"rendered":"http:\/\/bildo-design.com\/politique\/?page_id=7927"},"modified":"2020-12-13T03:25:45","modified_gmt":"2020-12-13T03:25:45","slug":"cellule-de-montreal-ouest","status":"publish","type":"page","link":"https:\/\/www.udpscanada.ca\/fr\/cellule-de-montreal-ouest\/","title":{"rendered":"CELLULE DE MONTR\u00c9AL-OUEST"},"content":{"rendered":"<p>[vc_row full_width=&#8221;stretch_row&#8221; content_placement=&#8221;middle&#8221; first_background_color=&#8221;#575a6d&#8221; enable_parallax=&#8221;true&#8221; parallax_background=&#8221;5696&#8243; parallax_style=&#8221;classic-fast&#8221; el_id=&#8221;icon&#8221; css=&#8221;.vc_custom_1607818632105{margin-top: 0px !important;margin-bottom: 0px !important;padding-top: 40px !important;padding-bottom: 40px !important;background-image: url(http:\/\/politicalwp.themeslr.com\/wp-content\/uploads\/2016\/02\/politicalwp_crowd.jpg?id=6347) !important;}&#8221;][vc_column alignment=&#8221;center&#8221;]<div class=\"title-subtile-holder\"><h1 class=\"section-title light_title\">CELLULE DE MONTR\u00c9AL-OUEST<\/h1><div class=\"section-subtitle light_subtitle\"><\/div><\/div>[\/vc_column][\/vc_row][vc_row full_width=&#8221;stretch_row&#8221; css=&#8221;.vc_custom_1493850215161{margin-bottom: 0px !important;padding-bottom: 40px !important;background-color: #f5f5f5 !important;}&#8221;][vc_column][vc_empty_space]\n        <div class=\"lvca-team-members lvca-style1 lvca-container\">\n\n            \n        <div class=\"lvca-team-member-wrapper lvca-sixcol\">\n\n            <div class=\"lvca-team-member\">\n\n                <div class=\"lvca-image-wrapper\">\n\n                    <img width=\"560\" height=\"390\" src=\"https:\/\/www.udpscanada.ca\/wp-content\/uploads\/2020\/12\/JP-DINKUNANGA-1-560x390-1.jpg\" class=\"lvca-image full\" alt=\"\" decoding=\"async\" loading=\"lazy\" srcset=\"https:\/\/www.udpscanada.ca\/wp-content\/uploads\/2020\/12\/JP-DINKUNANGA-1-560x390-1.jpg 560w, https:\/\/www.udpscanada.ca\/wp-content\/uploads\/2020\/12\/JP-DINKUNANGA-1-560x390-1-300x209.jpg 300w\" sizes=\"(max-width: 560px) 100vw, 560px\" \/>\n                    \n                        \n<div class=\"lvca-social-wrap\">\n\n    <div class=\"lvca-social-list\">\n\n        \n    <\/div>\n\n<\/div>\n\n                    \n                <\/div>\n\n                <div class=\"lvca-team-member-text\">\n\n                    <h3 class=\"lvca-title\">JEAN-PAUL DINKUNANGA<\/h3>\n\n                    <div class=\"lvca-team-member-position\">\n\n                        Pr\u00e9sident de la cellule Montr\u00e9al-Ouest\n                    <\/div>\n\n                    <div class=\"lvca-team-member-details\">\n\n                        \n                    <\/div>\n\n                    \n                <\/div>\n\n            <\/div>\n\n        <\/div>\n\n    \n        <div class=\"lvca-team-member-wrapper lvca-sixcol\">\n\n            <div class=\"lvca-team-member\">\n\n                <div class=\"lvca-image-wrapper\">\n\n                    <img width=\"560\" height=\"390\" src=\"https:\/\/www.udpscanada.ca\/wp-content\/uploads\/2020\/12\/ADALBERT-ATAKANA-560x390-1.jpg\" class=\"lvca-image full\" alt=\"\" decoding=\"async\" loading=\"lazy\" srcset=\"https:\/\/www.udpscanada.ca\/wp-content\/uploads\/2020\/12\/ADALBERT-ATAKANA-560x390-1.jpg 560w, https:\/\/www.udpscanada.ca\/wp-content\/uploads\/2020\/12\/ADALBERT-ATAKANA-560x390-1-300x209.jpg 300w\" sizes=\"(max-width: 560px) 100vw, 560px\" \/>\n                    \n                        \n<div class=\"lvca-social-wrap\">\n\n    <div class=\"lvca-social-list\">\n\n        \n    <\/div>\n\n<\/div>\n\n                    \n                <\/div>\n\n                <div class=\"lvca-team-member-text\">\n\n                    <h3 class=\"lvca-title\">ADALBERT DIAMVU ATAKANA<\/h3>\n\n                    <div class=\"lvca-team-member-position\">\n\n                        Vice-pr\u00e9sident de la cellule Montr\u00e9al-Ouest\n                    <\/div>\n\n                    <div class=\"lvca-team-member-details\">\n\n                        \n                    <\/div>\n\n                    \n                <\/div>\n\n            <\/div>\n\n        <\/div>\n\n    \n        <div class=\"lvca-team-member-wrapper lvca-sixcol\">\n\n            <div class=\"lvca-team-member\">\n\n                <div class=\"lvca-image-wrapper\">\n\n                    <img width=\"560\" height=\"390\" src=\"https:\/\/www.udpscanada.ca\/wp-content\/uploads\/2020\/12\/ANDREWS-TUMBA-560x390-1.jpg\" class=\"lvca-image full\" alt=\"\" decoding=\"async\" loading=\"lazy\" srcset=\"https:\/\/www.udpscanada.ca\/wp-content\/uploads\/2020\/12\/ANDREWS-TUMBA-560x390-1.jpg 560w, https:\/\/www.udpscanada.ca\/wp-content\/uploads\/2020\/12\/ANDREWS-TUMBA-560x390-1-300x209.jpg 300w\" sizes=\"(max-width: 560px) 100vw, 560px\" \/>\n                    \n                        \n<div class=\"lvca-social-wrap\">\n\n    <div class=\"lvca-social-list\">\n\n        \n    <\/div>\n\n<\/div>\n\n                    \n                <\/div>\n\n                <div class=\"lvca-team-member-text\">\n\n                    <h3 class=\"lvca-title\">ANDREWS TUMBA<\/h3>\n\n                    <div class=\"lvca-team-member-position\">\n\n                        Secr\u00e9taire charg\u00e9 des finances budget et de la tr\u00e9sorerie de la cellule Montr\u00e9al-Ouest\n                    <\/div>\n\n                    <div class=\"lvca-team-member-details\">\n\n                        \n                    <\/div>\n\n                    \n                <\/div>\n\n            <\/div>\n\n        <\/div>\n\n    \n        <div class=\"lvca-team-member-wrapper lvca-sixcol\">\n\n            <div class=\"lvca-team-member\">\n\n                <div class=\"lvca-image-wrapper\">\n\n                    <img width=\"560\" height=\"390\" src=\"https:\/\/www.udpscanada.ca\/wp-content\/uploads\/2020\/12\/Alain-Bosunga1-560x390-1.jpg\" class=\"lvca-image full\" alt=\"\" decoding=\"async\" loading=\"lazy\" srcset=\"https:\/\/www.udpscanada.ca\/wp-content\/uploads\/2020\/12\/Alain-Bosunga1-560x390-1.jpg 560w, https:\/\/www.udpscanada.ca\/wp-content\/uploads\/2020\/12\/Alain-Bosunga1-560x390-1-300x209.jpg 300w\" sizes=\"(max-width: 560px) 100vw, 560px\" \/>\n                    \n                        \n<div class=\"lvca-social-wrap\">\n\n    <div class=\"lvca-social-list\">\n\n        \n    <\/div>\n\n<\/div>\n\n                    \n                <\/div>\n\n                <div class=\"lvca-team-member-text\">\n\n                    <h3 class=\"lvca-title\">ALAIN BOSUNGA<\/h3>\n\n                    <div class=\"lvca-team-member-position\">\n\n                        Secr\u00e9taire charg\u00e9 de l&#039;organisation et de la mobilisation de la cellule Montr\u00e9al-Ouest\n                    <\/div>\n\n                    <div class=\"lvca-team-member-details\">\n\n                        \n                    <\/div>\n\n                    \n                <\/div>\n\n            <\/div>\n\n        <\/div>\n\n    \n        <\/div>\n\n        [\/vc_column][\/vc_row]<\/p>","protected":false},"excerpt":{"rendered":"<p>[vc_row full_width=&#8221;stretch_row&#8221; content_placement=&#8221;middle&#8221; first_background_color=&#8221;#575a6d&#8221; enable_parallax=&#8221;true&#8221; parallax_background=&#8221;5696&#8243; parallax_style=&#8221;classic-fast&#8221; el_id=&#8221;icon&#8221; css=&#8221;.vc_custom_1607818632105{margin-top: 0px !important;margin-bottom: 0px !important;padding-top: 40px !important;padding-bottom: 40px !important;background-image: url(http:\/\/politicalwp.themeslr.com\/wp-content\/uploads\/2016\/02\/politicalwp_crowd.jpg?id=6347) !important;}&#8221;][vc_column alignment=&#8221;center&#8221;][\/vc_column][\/vc_row][vc_row full_width=&#8221;stretch_row&#8221; css=&#8221;.vc_custom_1493850215161{margin-bottom: 0px !important;padding-bottom: 40px !important;background-color: #f5f5f5 !important;}&#8221;][vc_column][vc_empty_space][\/vc_column][\/vc_row]<\/p>","protected":false},"author":1,"featured_media":0,"parent":0,"menu_order":0,"comment_status":"closed","ping_status":"closed","template":"","meta":[],"_links":{"self":[{"href":"https:\/\/www.udpscanada.ca\/fr\/wp-json\/wp\/v2\/pages\/7927"}],"collection":[{"href":"https:\/\/www.udpscanada.ca\/fr\/wp-json\/wp\/v2\/pages"}],"about":[{"href":"https:\/\/www.udpscanada.ca\/fr\/wp-json\/wp\/v2\/types\/page"}],"author":[{"embeddable":true,"href":"https:\/\/www.udpscanada.ca\/fr\/wp-json\/wp\/v2\/users\/1"}],"replies":[{"embeddable":true,"href":"https:\/\/www.udpscanada.ca\/fr\/wp-json\/wp\/v2\/comments?post=7927"}],"version-history":[{"count":1,"href":"https:\/\/www.udpscanada.ca\/fr\/wp-json\/wp\/v2\/pages\/7927\/revisions"}],"predecessor-version":[{"id":7932,"href":"https:\/\/www.udpscanada.ca\/fr\/wp-json\/wp\/v2\/pages\/7927\/revisions\/7932"}],"wp:attachment":[{"href":"https:\/\/www.udpscanada.ca\/fr\/wp-json\/wp\/v2\/media?parent=7927"}],"curies":[{"name":"wp","href":"https:\/\/api.w.org\/{rel}","templated":true}]}}