{"id":7841,"date":"2020-12-12T03:52:13","date_gmt":"2020-12-12T03:52:13","guid":{"rendered":"http:\/\/bildo-design.com\/politique\/?page_id=7841"},"modified":"2021-02-17T20:52:50","modified_gmt":"2021-02-17T20:52:50","slug":"ligue-des-jeunes","status":"publish","type":"page","link":"https:\/\/www.udpscanada.ca\/fr\/ligue-des-jeunes\/","title":{"rendered":"LIGUE DES JEUNES"},"content":{"rendered":"<p>[vc_row full_width=&#8221;stretch_row&#8221; content_placement=&#8221;middle&#8221; first_background_color=&#8221;#575a6d&#8221; enable_parallax=&#8221;true&#8221; parallax_background=&#8221;5696&#8243; parallax_style=&#8221;classic-fast&#8221; el_id=&#8221;icon&#8221; css=&#8221;.vc_custom_1607818632105{margin-top: 0px !important;margin-bottom: 0px !important;padding-top: 40px !important;padding-bottom: 40px !important;background-image: url(http:\/\/politicalwp.themeslr.com\/wp-content\/uploads\/2016\/02\/politicalwp_crowd.jpg?id=6347) !important;}&#8221;][vc_column alignment=&#8221;center&#8221;]<div class=\"title-subtile-holder\"><h1 class=\"section-title light_title\">Ligue des jeunes<\/h1><div class=\"section-subtitle light_subtitle\"><\/div><\/div>[\/vc_column][\/vc_row][vc_row full_width=&#8221;stretch_row&#8221; css=&#8221;.vc_custom_1493850215161{margin-bottom: 0px !important;padding-bottom: 40px !important;background-color: #f5f5f5 !important;}&#8221;][vc_column][vc_empty_space]\n        <div class=\"lvca-team-members lvca-style1 lvca-container\">\n\n            \n        <div class=\"lvca-team-member-wrapper lvca-sixcol\">\n\n            <div class=\"lvca-team-member\">\n\n                <div class=\"lvca-image-wrapper\">\n\n                    <img width=\"971\" height=\"1501\" src=\"https:\/\/www.udpscanada.ca\/wp-content\/uploads\/2021\/02\/kashiba.jpg\" class=\"lvca-image full\" alt=\"\" decoding=\"async\" loading=\"lazy\" srcset=\"https:\/\/www.udpscanada.ca\/wp-content\/uploads\/2021\/02\/kashiba.jpg 971w, https:\/\/www.udpscanada.ca\/wp-content\/uploads\/2021\/02\/kashiba-194x300.jpg 194w, https:\/\/www.udpscanada.ca\/wp-content\/uploads\/2021\/02\/kashiba-662x1024.jpg 662w, https:\/\/www.udpscanada.ca\/wp-content\/uploads\/2021\/02\/kashiba-768x1187.jpg 768w, https:\/\/www.udpscanada.ca\/wp-content\/uploads\/2021\/02\/kashiba-8x12.jpg 8w, https:\/\/www.udpscanada.ca\/wp-content\/uploads\/2021\/02\/kashiba-600x927.jpg 600w\" sizes=\"(max-width: 971px) 100vw, 971px\" \/>\n                    \n                        \n<div class=\"lvca-social-wrap\">\n\n    <div class=\"lvca-social-list\">\n\n        \n    <\/div>\n\n<\/div>\n\n                    \n                <\/div>\n\n                <div class=\"lvca-team-member-text\">\n\n                    <h3 class=\"lvca-title\">Raymond Kashiba<\/h3>\n\n                    <div class=\"lvca-team-member-position\">\n\n                        Pr\u00e9sident de la ligue des jeunes F\u00c9D\u00c9RALE\n                    <\/div>\n\n                    <div class=\"lvca-team-member-details\">\n\n                        \n                    <\/div>\n\n                    \n                <\/div>\n\n            <\/div>\n\n        <\/div>\n\n    \n        <div class=\"lvca-team-member-wrapper lvca-sixcol\">\n\n            <div class=\"lvca-team-member\">\n\n                <div class=\"lvca-image-wrapper\">\n\n                    <img width=\"1079\" height=\"1061\" src=\"https:\/\/www.udpscanada.ca\/wp-content\/uploads\/2021\/02\/shabban.jpg\" class=\"lvca-image full\" alt=\"\" decoding=\"async\" loading=\"lazy\" srcset=\"https:\/\/www.udpscanada.ca\/wp-content\/uploads\/2021\/02\/shabban.jpg 1079w, https:\/\/www.udpscanada.ca\/wp-content\/uploads\/2021\/02\/shabban-300x295.jpg 300w, https:\/\/www.udpscanada.ca\/wp-content\/uploads\/2021\/02\/shabban-1024x1007.jpg 1024w, https:\/\/www.udpscanada.ca\/wp-content\/uploads\/2021\/02\/shabban-768x755.jpg 768w, https:\/\/www.udpscanada.ca\/wp-content\/uploads\/2021\/02\/shabban-12x12.jpg 12w, https:\/\/www.udpscanada.ca\/wp-content\/uploads\/2021\/02\/shabban-70x70.jpg 70w, https:\/\/www.udpscanada.ca\/wp-content\/uploads\/2021\/02\/shabban-600x590.jpg 600w\" sizes=\"(max-width: 1079px) 100vw, 1079px\" \/>\n                    \n                        \n<div class=\"lvca-social-wrap\">\n\n    <div class=\"lvca-social-list\">\n\n        \n    <\/div>\n\n<\/div>\n\n                    \n                <\/div>\n\n                <div class=\"lvca-team-member-text\">\n\n                    <h3 class=\"lvca-title\">Shabban Mayuto<\/h3>\n\n                    <div class=\"lvca-team-member-position\">\n\n                        Vice-pr\u00e9sident de la ligue des jeunes F\u00c9D\u00c9RALE\n                    <\/div>\n\n                    <div class=\"lvca-team-member-details\">\n\n                        \n                    <\/div>\n\n                    \n                <\/div>\n\n            <\/div>\n\n        <\/div>\n\n    \n        <div class=\"lvca-team-member-wrapper lvca-sixcol\">\n\n            <div class=\"lvca-team-member\">\n\n                <div class=\"lvca-image-wrapper\">\n\n                    <img width=\"936\" height=\"1162\" src=\"https:\/\/www.udpscanada.ca\/wp-content\/uploads\/2021\/02\/Emmanuel-Tshimanga.jpg\" class=\"lvca-image full\" alt=\"\" decoding=\"async\" loading=\"lazy\" srcset=\"https:\/\/www.udpscanada.ca\/wp-content\/uploads\/2021\/02\/Emmanuel-Tshimanga.jpg 936w, https:\/\/www.udpscanada.ca\/wp-content\/uploads\/2021\/02\/Emmanuel-Tshimanga-242x300.jpg 242w, https:\/\/www.udpscanada.ca\/wp-content\/uploads\/2021\/02\/Emmanuel-Tshimanga-825x1024.jpg 825w, https:\/\/www.udpscanada.ca\/wp-content\/uploads\/2021\/02\/Emmanuel-Tshimanga-768x953.jpg 768w, https:\/\/www.udpscanada.ca\/wp-content\/uploads\/2021\/02\/Emmanuel-Tshimanga-10x12.jpg 10w, https:\/\/www.udpscanada.ca\/wp-content\/uploads\/2021\/02\/Emmanuel-Tshimanga-600x745.jpg 600w\" sizes=\"(max-width: 936px) 100vw, 936px\" \/>\n                    \n                        \n<div class=\"lvca-social-wrap\">\n\n    <div class=\"lvca-social-list\">\n\n        \n    <\/div>\n\n<\/div>\n\n                    \n                <\/div>\n\n                <div class=\"lvca-team-member-text\">\n\n                    <h3 class=\"lvca-title\">Tshimanga Mpoyi<\/h3>\n\n                    <div class=\"lvca-team-member-position\">\n\n                        Vice-pr\u00e9sident charg\u00e9 des questions juridiques de la ligues des jeunes F\u00c9D\u00c9RALE\n                    <\/div>\n\n                    <div class=\"lvca-team-member-details\">\n\n                        \n                    <\/div>\n\n                    \n                <\/div>\n\n            <\/div>\n\n        <\/div>\n\n    \n        <div class=\"lvca-team-member-wrapper lvca-sixcol\">\n\n            <div class=\"lvca-team-member\">\n\n                <div class=\"lvca-image-wrapper\">\n\n                    <img width=\"720\" height=\"728\" src=\"https:\/\/www.udpscanada.ca\/wp-content\/uploads\/2021\/02\/kanku.jpg\" class=\"lvca-image full\" alt=\"\" decoding=\"async\" loading=\"lazy\" srcset=\"https:\/\/www.udpscanada.ca\/wp-content\/uploads\/2021\/02\/kanku.jpg 720w, https:\/\/www.udpscanada.ca\/wp-content\/uploads\/2021\/02\/kanku-297x300.jpg 297w, https:\/\/www.udpscanada.ca\/wp-content\/uploads\/2021\/02\/kanku-12x12.jpg 12w, https:\/\/www.udpscanada.ca\/wp-content\/uploads\/2021\/02\/kanku-70x70.jpg 70w, https:\/\/www.udpscanada.ca\/wp-content\/uploads\/2021\/02\/kanku-600x607.jpg 600w, https:\/\/www.udpscanada.ca\/wp-content\/uploads\/2021\/02\/kanku-100x100.jpg 100w\" sizes=\"(max-width: 720px) 100vw, 720px\" \/>\n                    \n                        \n<div class=\"lvca-social-wrap\">\n\n    <div class=\"lvca-social-list\">\n\n        \n    <\/div>\n\n<\/div>\n\n                    \n                <\/div>\n\n                <div class=\"lvca-team-member-text\">\n\n                    <h3 class=\"lvca-title\">Patrick Kanku<\/h3>\n\n                    <div class=\"lvca-team-member-position\">\n\n                        Vice-pr\u00e9sident charg\u00e9 de la mobilisation et de l&#039;implantation de la ligue des jeunes F\u00c9D\u00c9RALE\n                    <\/div>\n\n                    <div class=\"lvca-team-member-details\">\n\n                        \n                    <\/div>\n\n                    \n                <\/div>\n\n            <\/div>\n\n        <\/div>\n\n    \n        <div class=\"lvca-team-member-wrapper lvca-sixcol\">\n\n            <div class=\"lvca-team-member\">\n\n                <div class=\"lvca-image-wrapper\">\n\n                    <img width=\"560\" height=\"390\" src=\"https:\/\/www.udpscanada.ca\/wp-content\/uploads\/2020\/12\/Calgary-TobieKayumbi1-560x390-1.jpg\" class=\"lvca-image full\" alt=\"\" decoding=\"async\" loading=\"lazy\" srcset=\"https:\/\/www.udpscanada.ca\/wp-content\/uploads\/2020\/12\/Calgary-TobieKayumbi1-560x390-1.jpg 560w, https:\/\/www.udpscanada.ca\/wp-content\/uploads\/2020\/12\/Calgary-TobieKayumbi1-560x390-1-300x209.jpg 300w\" sizes=\"(max-width: 560px) 100vw, 560px\" \/>\n                    \n                        \n<div class=\"lvca-social-wrap\">\n\n    <div class=\"lvca-social-list\">\n\n        \n    <\/div>\n\n<\/div>\n\n                    \n                <\/div>\n\n                <div class=\"lvca-team-member-text\">\n\n                    <h3 class=\"lvca-title\">Tobie Nkongolo Kayumbi<\/h3>\n\n                    <div class=\"lvca-team-member-position\">\n\n                        Vice-pr\u00e9sident charg\u00e9 des provinces de l&#039;ouest de la ligue F\u00c9D\u00c9RALE\n                    <\/div>\n\n                    <div class=\"lvca-team-member-details\">\n\n                        \n                    <\/div>\n\n                    \n                <\/div>\n\n            <\/div>\n\n        <\/div>\n\n    \n        <div class=\"lvca-team-member-wrapper lvca-sixcol\">\n\n            <div class=\"lvca-team-member\">\n\n                <div class=\"lvca-image-wrapper\">\n\n                    \n                    \n                        \n<div class=\"lvca-social-wrap\">\n\n    <div class=\"lvca-social-list\">\n\n        \n    <\/div>\n\n<\/div>\n\n                    \n                <\/div>\n\n                <div class=\"lvca-team-member-text\">\n\n                    <h3 class=\"lvca-title\">Alts Mutuale<\/h3>\n\n                    <div class=\"lvca-team-member-position\">\n\n                        Vice-pr\u00e9sident charg\u00e9 des finances de la ligue des jeunes F\u00c9D\u00c9RALE\n                    <\/div>\n\n                    <div class=\"lvca-team-member-details\">\n\n                        \n                    <\/div>\n\n                    \n                <\/div>\n\n            <\/div>\n\n        <\/div>\n\n    \n        <div class=\"lvca-team-member-wrapper lvca-sixcol\">\n\n            <div class=\"lvca-team-member\">\n\n                <div class=\"lvca-image-wrapper\">\n\n                    \n                    \n                        \n<div class=\"lvca-social-wrap\">\n\n    <div class=\"lvca-social-list\">\n\n        \n    <\/div>\n\n<\/div>\n\n                    \n                <\/div>\n\n                <div class=\"lvca-team-member-text\">\n\n                    <h3 class=\"lvca-title\">Ferdinand Djiunyo<\/h3>\n\n                    <div class=\"lvca-team-member-position\">\n\n                        Secr\u00e9taire g\u00e9n\u00e9ral charg\u00e9 de la mobilisation de la ligue des jeunes F\u00c9D\u00c9RALE\n                    <\/div>\n\n                    <div class=\"lvca-team-member-details\">\n\n                        \n                    <\/div>\n\n                    \n                <\/div>\n\n            <\/div>\n\n        <\/div>\n\n    \n        <div class=\"lvca-team-member-wrapper lvca-sixcol\">\n\n            <div class=\"lvca-team-member\">\n\n                <div class=\"lvca-image-wrapper\">\n\n                    \n                    \n                        \n<div class=\"lvca-social-wrap\">\n\n    <div class=\"lvca-social-list\">\n\n        \n    <\/div>\n\n<\/div>\n\n                    \n                <\/div>\n\n                <div class=\"lvca-team-member-text\">\n\n                    <h3 class=\"lvca-title\">Jonathan Buhendwa<\/h3>\n\n                    <div class=\"lvca-team-member-position\">\n\n                        Secr\u00e9taire g\u00e9n\u00e9ral charg\u00e9 des finances de la ligue des jeunes F\u00c9D\u00c9RALE\n                    <\/div>\n\n                    <div class=\"lvca-team-member-details\">\n\n                        \n                    <\/div>\n\n                    \n                <\/div>\n\n            <\/div>\n\n        <\/div>\n\n    \n        <\/div>\n\n        [\/vc_column][\/vc_row]<\/p>","protected":false},"excerpt":{"rendered":"<p>[vc_row full_width=&#8221;stretch_row&#8221; content_placement=&#8221;middle&#8221; first_background_color=&#8221;#575a6d&#8221; enable_parallax=&#8221;true&#8221; parallax_background=&#8221;5696&#8243; parallax_style=&#8221;classic-fast&#8221; el_id=&#8221;icon&#8221; css=&#8221;.vc_custom_1607818632105{margin-top: 0px !important;margin-bottom: 0px !important;padding-top: 40px !important;padding-bottom: 40px !important;background-image: url(http:\/\/politicalwp.themeslr.com\/wp-content\/uploads\/2016\/02\/politicalwp_crowd.jpg?id=6347) !important;}&#8221;][vc_column alignment=&#8221;center&#8221;][\/vc_column][\/vc_row][vc_row full_width=&#8221;stretch_row&#8221; css=&#8221;.vc_custom_1493850215161{margin-bottom: 0px !important;padding-bottom: 40px !important;background-color: #f5f5f5 !important;}&#8221;][vc_column][vc_empty_space][\/vc_column][\/vc_row]<\/p>","protected":false},"author":1,"featured_media":0,"parent":0,"menu_order":0,"comment_status":"closed","ping_status":"closed","template":"","meta":[],"_links":{"self":[{"href":"https:\/\/www.udpscanada.ca\/fr\/wp-json\/wp\/v2\/pages\/7841"}],"collection":[{"href":"https:\/\/www.udpscanada.ca\/fr\/wp-json\/wp\/v2\/pages"}],"about":[{"href":"https:\/\/www.udpscanada.ca\/fr\/wp-json\/wp\/v2\/types\/page"}],"author":[{"embeddable":true,"href":"https:\/\/www.udpscanada.ca\/fr\/wp-json\/wp\/v2\/users\/1"}],"replies":[{"embeddable":true,"href":"https:\/\/www.udpscanada.ca\/fr\/wp-json\/wp\/v2\/comments?post=7841"}],"version-history":[{"count":11,"href":"https:\/\/www.udpscanada.ca\/fr\/wp-json\/wp\/v2\/pages\/7841\/revisions"}],"predecessor-version":[{"id":8476,"href":"https:\/\/www.udpscanada.ca\/fr\/wp-json\/wp\/v2\/pages\/7841\/revisions\/8476"}],"wp:attachment":[{"href":"https:\/\/www.udpscanada.ca\/fr\/wp-json\/wp\/v2\/media?parent=7841"}],"curies":[{"name":"wp","href":"https:\/\/api.w.org\/{rel}","templated":true}]}}