{"id":5888,"date":"2016-11-12T00:17:15","date_gmt":"2016-11-12T00:17:15","guid":{"rendered":"http:\/\/politica.themeslr.com\/index.php\/template_about_us\/"},"modified":"2023-10-23T03:53:41","modified_gmt":"2023-10-23T03:53:41","slug":"a-propos-de-udps-canada","status":"publish","type":"page","link":"https:\/\/www.udpscanada.ca\/fr\/a-propos-de-udps-canada\/","title":{"rendered":"\u00c0 PROPOS DE UDPS CANADA"},"content":{"rendered":"<p>[vc_row full_width=&#8221;stretch_row&#8221; content_placement=&#8221;middle&#8221; first_background_color=&#8221;#575a6d&#8221; enable_parallax=&#8221;true&#8221; parallax_background=&#8221;5696&#8243; parallax_style=&#8221;classic-fast&#8221; el_id=&#8221;icon&#8221; css=&#8221;.vc_custom_1607985430395{margin-top: 0px !important;margin-bottom: 0px !important;padding-top: 40px !important;padding-bottom: 40px !important;background-image: url(http:\/\/politicalwp.themeslr.com\/wp-content\/uploads\/2016\/02\/politicalwp_crowd.jpg?id=6347) !important;}&#8221;][vc_column alignment=&#8221;center&#8221;]<div class=\"title-subtile-holder\"><h1 class=\"section-title light_title\">\u00c0 PROPOS DE UDPS CANADA<\/h1><div class=\"section-subtitle light_subtitle\"><\/div><\/div>[\/vc_column][\/vc_row][vc_row full_width=&#8221;stretch_row&#8221; css=&#8221;.vc_custom_1607986730358{margin-bottom: 0px !important;padding-top: 35px !important;padding-bottom: 15px !important;background-color: #ffffff !important;}&#8221;][vc_column][vc_row_inner][vc_column_inner width=&#8221;1\/2&#8243;][vc_custom_heading text=&#8221;Notre Mission&#8221; use_theme_fonts=&#8221;yes&#8221;][vc_column_text]L\u2019union pour la d\u00e9mocratie et le progr\u00e8s social (UDPS) est un parti politique de la r\u00e9publique d\u00e9mocratique du Congo. Il a \u00e9t\u00e9 fond\u00e9 le 15 f\u00e9vrier 1982 par \u00c9tienne Tshisekedi, Marcel Lihau et d\u2019autres. Parti politique ayant une forte exp\u00e9rience dans la lutte politique mais aussi, \u00e0 son combat non- violent pour l\u2019instauration de la justice, de la libert\u00e9, de la paix et de la d\u00e9mocratie, et surtout \u00e0 r\u00e9sister \u00e0 la r\u00e9pression.<\/p>\n<p>Selon l\u2019article 43 de nos statuts, l\u2019UDPS f\u00e9d\u00e9ration du Canada fait partie des organes de base de l\u2019ext\u00e9rieur. Elle repr\u00e9sente l\u2019UDPS au Canada. Les membres du Canada sont regroup\u00e9s en section qui repr\u00e9sente les limites g\u00e9ographiques de chaque province du Canada. Le repr\u00e9sentant de l\u2019UDPS au Canada est nomm\u00e9 par le pr\u00e9sident du parti.[\/vc_column_text][\/vc_column_inner][vc_column_inner width=&#8221;1\/2&#8243; css=&#8221;.vc_custom_1607986600889{padding-top: 20px !important;}&#8221;][vc_single_image image=&#8221;8032&#8243; img_size=&#8221;large&#8221; alignment=&#8221;center&#8221;][\/vc_column_inner][\/vc_row_inner][\/vc_column][\/vc_row][vc_row full_width=&#8221;stretch_row&#8221; css=&#8221;.vc_custom_1607986718028{margin-bottom: 0px !important;padding-top: 15px !important;padding-bottom: 15px !important;background-color: #ffffff !important;}&#8221;][vc_column][vc_row_inner][vc_column_inner][vc_separator][vc_custom_heading text=&#8221;Qui nous sommes&#8221; use_theme_fonts=&#8221;yes&#8221; css=&#8221;.vc_custom_1607986584815{padding-bottom: 25px !important;}&#8221;][vc_column_text]<\/p>\n<h4 class=\"\"><img decoding=\"async\" loading=\"lazy\" class=\"wp-image-8612 size-medium alignnone\" src=\"http:\/\/www.udpscanada.ca\/wp-content\/uploads\/2023\/07\/meFrancois-500-300x297.jpg\" alt=\"PRESIDENT FRANCOIS KASENDA\" width=\"300\" height=\"297\" srcset=\"https:\/\/www.udpscanada.ca\/wp-content\/uploads\/2023\/07\/meFrancois-500-300x297.jpg 300w, https:\/\/www.udpscanada.ca\/wp-content\/uploads\/2023\/07\/meFrancois-500-150x150.jpg 150w, https:\/\/www.udpscanada.ca\/wp-content\/uploads\/2023\/07\/meFrancois-500-12x12.jpg 12w, https:\/\/www.udpscanada.ca\/wp-content\/uploads\/2023\/07\/meFrancois-500-70x70.jpg 70w, https:\/\/www.udpscanada.ca\/wp-content\/uploads\/2023\/07\/meFrancois-500-100x100.jpg 100w, https:\/\/www.udpscanada.ca\/wp-content\/uploads\/2023\/07\/meFrancois-500.jpg 525w\" sizes=\"(max-width: 300px) 100vw, 300px\" \/><\/h4>\n<h4 class=\"\">MAITRE KASENDA<\/h4>\n<p>Repr\u00e9sentant officiel de l\u2019UDPS f\u00e9d\u00e9ration du Canada<\/p>\n<h4 class=\"\"><img decoding=\"async\" loading=\"lazy\" class=\"size-full wp-image-8573 alignnone\" src=\"http:\/\/www.udpscanada.ca\/wp-content\/uploads\/2023\/07\/IMG-20201110-WA0090.jpg\" alt=\"photo\" width=\"939\" height=\"1368\" srcset=\"https:\/\/www.udpscanada.ca\/wp-content\/uploads\/2023\/07\/IMG-20201110-WA0090.jpg 939w, https:\/\/www.udpscanada.ca\/wp-content\/uploads\/2023\/07\/IMG-20201110-WA0090-206x300.jpg 206w, https:\/\/www.udpscanada.ca\/wp-content\/uploads\/2023\/07\/IMG-20201110-WA0090-703x1024.jpg 703w, https:\/\/www.udpscanada.ca\/wp-content\/uploads\/2023\/07\/IMG-20201110-WA0090-768x1119.jpg 768w, https:\/\/www.udpscanada.ca\/wp-content\/uploads\/2023\/07\/IMG-20201110-WA0090-8x12.jpg 8w, https:\/\/www.udpscanada.ca\/wp-content\/uploads\/2023\/07\/IMG-20201110-WA0090-600x874.jpg 600w\" sizes=\"(max-width: 939px) 100vw, 939px\" \/><br \/>\nHERVE BISELELE ILUNGA<\/h4>\n<p>1<sup>er<\/sup> Vice-Repr\u00e9sentant\u00a0 de l\u2019UDPS au Canada<\/p>\n<h4 class=\"\"><img decoding=\"async\" loading=\"lazy\" class=\"alignleft size-full wp-image-8037\" src=\"http:\/\/bildo-design.com\/politique\/wp-content\/uploads\/2020\/12\/Taupin-Kabongo-100x100-1.jpg\" alt=\"\" width=\"100\" height=\"100\" srcset=\"https:\/\/www.udpscanada.ca\/wp-content\/uploads\/2020\/12\/Taupin-Kabongo-100x100-1.jpg 100w, https:\/\/www.udpscanada.ca\/wp-content\/uploads\/2020\/12\/Taupin-Kabongo-100x100-1-12x12.jpg 12w, https:\/\/www.udpscanada.ca\/wp-content\/uploads\/2020\/12\/Taupin-Kabongo-100x100-1-70x70.jpg 70w\" sizes=\"(max-width: 100px) 100vw, 100px\" \/><br \/>\nJEAN EMMANUEL NGANDU MUTEBA.<\/h4>\n<p>2eme Vice-repr\u00e9sentant\u00a0de l\u2019UDPS au Canada[\/vc_column_text][\/vc_column_inner][\/vc_row_inner][\/vc_column][\/vc_row][vc_row full_width=&#8221;stretch_row&#8221; css=&#8221;.vc_custom_1607986761758{margin-bottom: 0px !important;padding-top: 15px !important;padding-bottom: 25px !important;background-color: #ffffff !important;}&#8221;][vc_column][vc_row_inner][vc_column_inner][vc_separator][vc_custom_heading text=&#8221;Devenir membre&#8221; use_theme_fonts=&#8221;yes&#8221;][vc_column_text]Devenez membre de l&#8217;UDPS F\u00e9d\u00e9ration du Canada en joignant le plus vieux parti de l&#8217;opposition en R\u00e9publique D\u00e9mocratique du Congo.<\/p>\n<p><a href=\"https:\/\/www.udpscanada.ca\/fr\/devenir-membre\/\"><strong>Appliquez via le formulaire<\/strong><\/a>.[\/vc_column_text][\/vc_column_inner][\/vc_row_inner][\/vc_column][\/vc_row]<\/p>","protected":false},"excerpt":{"rendered":"<p>[vc_row full_width=&#8221;stretch_row&#8221; content_placement=&#8221;middle&#8221; first_background_color=&#8221;#575a6d&#8221; enable_parallax=&#8221;true&#8221; parallax_background=&#8221;5696&#8243; parallax_style=&#8221;classic-fast&#8221; el_id=&#8221;icon&#8221; css=&#8221;.vc_custom_1607985430395{margin-top: 0px !important;margin-bottom: 0px !important;padding-top: 40px !important;padding-bottom: 40px !important;background-image: url(http:\/\/politicalwp.themeslr.com\/wp-content\/uploads\/2016\/02\/politicalwp_crowd.jpg?id=6347) !important;}&#8221;][vc_column alignment=&#8221;center&#8221;][\/vc_column][\/vc_row][vc_row full_width=&#8221;stretch_row&#8221; css=&#8221;.vc_custom_1607986730358{margin-bottom: 0px !important;padding-top: 35px !important;padding-bottom: 15px !important;background-color: #ffffff !important;}&#8221;][vc_column][vc_row_inner][vc_column_inner [&hellip;]<\/p>","protected":false},"author":1,"featured_media":0,"parent":0,"menu_order":0,"comment_status":"closed","ping_status":"closed","template":"","meta":[],"_links":{"self":[{"href":"https:\/\/www.udpscanada.ca\/fr\/wp-json\/wp\/v2\/pages\/5888"}],"collection":[{"href":"https:\/\/www.udpscanada.ca\/fr\/wp-json\/wp\/v2\/pages"}],"about":[{"href":"https:\/\/www.udpscanada.ca\/fr\/wp-json\/wp\/v2\/types\/page"}],"author":[{"embeddable":true,"href":"https:\/\/www.udpscanada.ca\/fr\/wp-json\/wp\/v2\/users\/1"}],"replies":[{"embeddable":true,"href":"https:\/\/www.udpscanada.ca\/fr\/wp-json\/wp\/v2\/comments?post=5888"}],"version-history":[{"count":16,"href":"https:\/\/www.udpscanada.ca\/fr\/wp-json\/wp\/v2\/pages\/5888\/revisions"}],"predecessor-version":[{"id":8642,"href":"https:\/\/www.udpscanada.ca\/fr\/wp-json\/wp\/v2\/pages\/5888\/revisions\/8642"}],"wp:attachment":[{"href":"https:\/\/www.udpscanada.ca\/fr\/wp-json\/wp\/v2\/media?parent=5888"}],"curies":[{"name":"wp","href":"https:\/\/api.w.org\/{rel}","templated":true}]}}